{"id":2537,"date":"2017-04-03T10:42:34","date_gmt":"2017-04-03T13:42:34","guid":{"rendered":"http:\/\/www.maids.com.br\/site\/?page_id=2537"},"modified":"2022-06-21T11:43:55","modified_gmt":"2022-06-21T14:43:55","slug":"servicos-maids-and-co","status":"publish","type":"page","link":"https:\/\/www.maids.com.br\/site\/?page_id=2537","title":{"rendered":"Servi\u00e7os Maids and Co."},"content":{"rendered":"","protected":false},"excerpt":{"rendered":"","protected":false},"author":1,"featured_media":0,"parent":0,"menu_order":0,"comment_status":"closed","ping_status":"open","template":"","meta":{"footnotes":""},"class_list":["post-2537","page","type-page","status-publish","hentry"],"yoast_head":"<!-- This site is optimized with the Yoast SEO plugin v24.3 - https:\/\/yoast.com\/wordpress\/plugins\/seo\/ -->\n<title>Servi\u00e7os Maids and Co. - Maids &amp; CO<\/title>\n<meta name=\"robots\" content=\"index, follow, max-snippet:-1, max-image-preview:large, max-video-preview:-1\" \/>\n<link rel=\"canonical\" href=\"https:\/\/www.maids.com.br\/site\/?page_id=2537\" \/>\n<meta property=\"og:locale\" content=\"pt_BR\" \/>\n<meta property=\"og:type\" content=\"article\" \/>\n<meta property=\"og:title\" content=\"Servi\u00e7os Maids and Co. - Maids &amp; CO\" \/>\n<meta property=\"og:url\" content=\"https:\/\/www.maids.com.br\/site\/?page_id=2537\" \/>\n<meta property=\"og:site_name\" content=\"Maids &amp; CO\" \/>\n<meta property=\"article:publisher\" content=\"https:\/\/facebook.com\/maids%26co\" \/>\n<meta property=\"article:modified_time\" content=\"2022-06-21T14:43:55+00:00\" \/>\n<meta property=\"og:image\" content=\"https:\/\/www.maids.com.br\/site\/wp-content\/uploads\/2023\/06\/maidsco_azul_logo.png\" \/>\n\t<meta property=\"og:image:width\" content=\"4200\" \/>\n\t<meta property=\"og:image:height\" content=\"2400\" \/>\n\t<meta property=\"og:image:type\" content=\"image\/png\" \/>\n<script type=\"application\/ld+json\" class=\"yoast-schema-graph\">{\"@context\":\"https:\/\/schema.org\",\"@graph\":[{\"@type\":\"WebPage\",\"@id\":\"https:\/\/www.maids.com.br\/site\/?page_id=2537\",\"url\":\"https:\/\/www.maids.com.br\/site\/?page_id=2537\",\"name\":\"Servi\u00e7os Maids and Co. - Maids &amp; CO\",\"isPartOf\":{\"@id\":\"https:\/\/www.maids.com.br\/site\/#website\"},\"datePublished\":\"2017-04-03T13:42:34+00:00\",\"dateModified\":\"2022-06-21T14:43:55+00:00\",\"breadcrumb\":{\"@id\":\"https:\/\/www.maids.com.br\/site\/?page_id=2537#breadcrumb\"},\"inLanguage\":\"pt-BR\",\"potentialAction\":[{\"@type\":\"ReadAction\",\"target\":[\"https:\/\/www.maids.com.br\/site\/?page_id=2537\"]}]},{\"@type\":\"BreadcrumbList\",\"@id\":\"https:\/\/www.maids.com.br\/site\/?page_id=2537#breadcrumb\",\"itemListElement\":[{\"@type\":\"ListItem\",\"position\":1,\"name\":\"In\u00edcio\",\"item\":\"https:\/\/www.maids.com.br\/site\/\"},{\"@type\":\"ListItem\",\"position\":2,\"name\":\"Servi\u00e7os Maids and Co.\"}]},{\"@type\":\"WebSite\",\"@id\":\"https:\/\/www.maids.com.br\/site\/#website\",\"url\":\"https:\/\/www.maids.com.br\/site\/\",\"name\":\"Maids & Co.\",\"description\":\"A Maids &amp; Co tem como foco selecionar toda e qualquer m\u00e3o de obra para a sua casa, desde dom\u00e9sticas, bab\u00e1s, cozinheiras, arrumadeiras \u00e0 diarista, motoristas e caseiros..\",\"publisher\":{\"@id\":\"https:\/\/www.maids.com.br\/site\/#organization\"},\"potentialAction\":[{\"@type\":\"SearchAction\",\"target\":{\"@type\":\"EntryPoint\",\"urlTemplate\":\"https:\/\/www.maids.com.br\/site\/?s={search_term_string}\"},\"query-input\":{\"@type\":\"PropertyValueSpecification\",\"valueRequired\":true,\"valueName\":\"search_term_string\"}}],\"inLanguage\":\"pt-BR\"},{\"@type\":\"Organization\",\"@id\":\"https:\/\/www.maids.com.br\/site\/#organization\",\"name\":\"Maids & Co.\",\"url\":\"https:\/\/www.maids.com.br\/site\/\",\"logo\":{\"@type\":\"ImageObject\",\"inLanguage\":\"pt-BR\",\"@id\":\"https:\/\/www.maids.com.br\/site\/#\/schema\/logo\/image\/\",\"url\":\"https:\/\/www.maids.com.br\/site\/wp-content\/uploads\/2023\/06\/favicon-maids-1.jpeg\",\"contentUrl\":\"https:\/\/www.maids.com.br\/site\/wp-content\/uploads\/2023\/06\/favicon-maids-1.jpeg\",\"width\":952,\"height\":926,\"caption\":\"Maids & Co.\"},\"image\":{\"@id\":\"https:\/\/www.maids.com.br\/site\/#\/schema\/logo\/image\/\"},\"sameAs\":[\"https:\/\/facebook.com\/maids&co\"]}]}<\/script>\n<!-- \/ Yoast SEO plugin. -->","yoast_head_json":{"title":"Servi\u00e7os Maids and Co. - Maids &amp; CO","robots":{"index":"index","follow":"follow","max-snippet":"max-snippet:-1","max-image-preview":"max-image-preview:large","max-video-preview":"max-video-preview:-1"},"canonical":"https:\/\/www.maids.com.br\/site\/?page_id=2537","og_locale":"pt_BR","og_type":"article","og_title":"Servi\u00e7os Maids and Co. - Maids &amp; CO","og_url":"https:\/\/www.maids.com.br\/site\/?page_id=2537","og_site_name":"Maids &amp; CO","article_publisher":"https:\/\/facebook.com\/maids%26co","article_modified_time":"2022-06-21T14:43:55+00:00","og_image":[{"width":4200,"height":2400,"url":"https:\/\/www.maids.com.br\/site\/wp-content\/uploads\/2023\/06\/maidsco_azul_logo.png","type":"image\/png"}],"schema":{"@context":"https:\/\/schema.org","@graph":[{"@type":"WebPage","@id":"https:\/\/www.maids.com.br\/site\/?page_id=2537","url":"https:\/\/www.maids.com.br\/site\/?page_id=2537","name":"Servi\u00e7os Maids and Co. - Maids &amp; CO","isPartOf":{"@id":"https:\/\/www.maids.com.br\/site\/#website"},"datePublished":"2017-04-03T13:42:34+00:00","dateModified":"2022-06-21T14:43:55+00:00","breadcrumb":{"@id":"https:\/\/www.maids.com.br\/site\/?page_id=2537#breadcrumb"},"inLanguage":"pt-BR","potentialAction":[{"@type":"ReadAction","target":["https:\/\/www.maids.com.br\/site\/?page_id=2537"]}]},{"@type":"BreadcrumbList","@id":"https:\/\/www.maids.com.br\/site\/?page_id=2537#breadcrumb","itemListElement":[{"@type":"ListItem","position":1,"name":"In\u00edcio","item":"https:\/\/www.maids.com.br\/site\/"},{"@type":"ListItem","position":2,"name":"Servi\u00e7os Maids and Co."}]},{"@type":"WebSite","@id":"https:\/\/www.maids.com.br\/site\/#website","url":"https:\/\/www.maids.com.br\/site\/","name":"Maids & Co.","description":"A Maids &amp; Co tem como foco selecionar toda e qualquer m\u00e3o de obra para a sua casa, desde dom\u00e9sticas, bab\u00e1s, cozinheiras, arrumadeiras \u00e0 diarista, motoristas e caseiros..","publisher":{"@id":"https:\/\/www.maids.com.br\/site\/#organization"},"potentialAction":[{"@type":"SearchAction","target":{"@type":"EntryPoint","urlTemplate":"https:\/\/www.maids.com.br\/site\/?s={search_term_string}"},"query-input":{"@type":"PropertyValueSpecification","valueRequired":true,"valueName":"search_term_string"}}],"inLanguage":"pt-BR"},{"@type":"Organization","@id":"https:\/\/www.maids.com.br\/site\/#organization","name":"Maids & Co.","url":"https:\/\/www.maids.com.br\/site\/","logo":{"@type":"ImageObject","inLanguage":"pt-BR","@id":"https:\/\/www.maids.com.br\/site\/#\/schema\/logo\/image\/","url":"https:\/\/www.maids.com.br\/site\/wp-content\/uploads\/2023\/06\/favicon-maids-1.jpeg","contentUrl":"https:\/\/www.maids.com.br\/site\/wp-content\/uploads\/2023\/06\/favicon-maids-1.jpeg","width":952,"height":926,"caption":"Maids & Co."},"image":{"@id":"https:\/\/www.maids.com.br\/site\/#\/schema\/logo\/image\/"},"sameAs":["https:\/\/facebook.com\/maids&co"]}]}},"_links":{"self":[{"href":"https:\/\/www.maids.com.br\/site\/index.php?rest_route=\/wp\/v2\/pages\/2537"}],"collection":[{"href":"https:\/\/www.maids.com.br\/site\/index.php?rest_route=\/wp\/v2\/pages"}],"about":[{"href":"https:\/\/www.maids.com.br\/site\/index.php?rest_route=\/wp\/v2\/types\/page"}],"author":[{"embeddable":true,"href":"https:\/\/www.maids.com.br\/site\/index.php?rest_route=\/wp\/v2\/users\/1"}],"replies":[{"embeddable":true,"href":"https:\/\/www.maids.com.br\/site\/index.php?rest_route=%2Fwp%2Fv2%2Fcomments&post=2537"}],"version-history":[{"count":1,"href":"https:\/\/www.maids.com.br\/site\/index.php?rest_route=\/wp\/v2\/pages\/2537\/revisions"}],"predecessor-version":[{"id":2538,"href":"https:\/\/www.maids.com.br\/site\/index.php?rest_route=\/wp\/v2\/pages\/2537\/revisions\/2538"}],"wp:attachment":[{"href":"https:\/\/www.maids.com.br\/site\/index.php?rest_route=%2Fwp%2Fv2%2Fmedia&parent=2537"}],"curies":[{"name":"wp","href":"https:\/\/api.w.org\/{rel}","templated":true}]}}